{"id":511,"date":"2019-10-17T12:51:13","date_gmt":"2019-10-17T10:51:13","guid":{"rendered":"https:\/\/www.nordentoft-eq.com\/services\/"},"modified":"2023-11-17T08:27:17","modified_gmt":"2023-11-17T07:27:17","slug":"nordentofts-serviceydelser","status":"publish","type":"page","link":"https:\/\/www.nordentoft-eq.com\/da\/nordentofts-serviceydelser\/","title":{"rendered":"Serviceydelser"},"content":{"rendered":"","protected":false},"excerpt":{"rendered":"","protected":false},"author":4,"featured_media":0,"parent":0,"menu_order":0,"comment_status":"closed","ping_status":"closed","template":"views\/template-modules.blade.php","meta":[],"yoast_head":"<!-- This site is optimized with the Yoast SEO plugin v20.3 - https:\/\/yoast.com\/wordpress\/plugins\/seo\/ -->\n<title>Nordentofts serviceydelser - Kommisionssalg og opk\u00f8b af heste<\/title>\n<meta name=\"description\" content=\"Nordentofts serviceydelser: Kommisionssalg hvor eksempelvis udvikling og kontakt til potentielle k\u00f8bere, samt opk\u00f8b af ungheste.\" \/>\n<meta name=\"robots\" content=\"index, follow, max-snippet:-1, max-image-preview:large, max-video-preview:-1\" \/>\n<link rel=\"canonical\" href=\"https:\/\/www.nordentoft-eq.com\/da\/nordentofts-serviceydelser\/\" \/>\n<meta property=\"og:locale\" content=\"da_DK\" \/>\n<meta property=\"og:type\" content=\"article\" \/>\n<meta property=\"og:title\" content=\"Nordentofts serviceydelser - Kommisionssalg og opk\u00f8b af heste\" \/>\n<meta property=\"og:description\" content=\"Nordentofts serviceydelser: Kommisionssalg hvor eksempelvis udvikling og kontakt til potentielle k\u00f8bere, samt opk\u00f8b af ungheste.\" \/>\n<meta property=\"og:url\" content=\"https:\/\/www.nordentoft-eq.com\/da\/nordentofts-serviceydelser\/\" \/>\n<meta property=\"og:site_name\" content=\"Nordentoft.dk\" \/>\n<meta property=\"article:modified_time\" content=\"2023-11-17T07:27:17+00:00\" \/>\n<meta name=\"twitter:card\" content=\"summary_large_image\" \/>\n<script type=\"application\/ld+json\" class=\"yoast-schema-graph\">{\"@context\":\"https:\/\/schema.org\",\"@graph\":[{\"@type\":\"WebPage\",\"@id\":\"https:\/\/www.nordentoft-eq.com\/da\/nordentofts-serviceydelser\/\",\"url\":\"https:\/\/www.nordentoft-eq.com\/da\/nordentofts-serviceydelser\/\",\"name\":\"Nordentofts serviceydelser - Kommisionssalg og opk\u00f8b af heste\",\"isPartOf\":{\"@id\":\"https:\/\/www.nordentoft-eq.com\/#website\"},\"datePublished\":\"2019-10-17T10:51:13+00:00\",\"dateModified\":\"2023-11-17T07:27:17+00:00\",\"description\":\"Nordentofts serviceydelser: Kommisionssalg hvor eksempelvis udvikling og kontakt til potentielle k\u00f8bere, samt opk\u00f8b af ungheste.\",\"breadcrumb\":{\"@id\":\"https:\/\/www.nordentoft-eq.com\/da\/nordentofts-serviceydelser\/#breadcrumb\"},\"inLanguage\":\"da-DK\",\"potentialAction\":[{\"@type\":\"ReadAction\",\"target\":[\"https:\/\/www.nordentoft-eq.com\/da\/nordentofts-serviceydelser\/\"]}]},{\"@type\":\"BreadcrumbList\",\"@id\":\"https:\/\/www.nordentoft-eq.com\/da\/nordentofts-serviceydelser\/#breadcrumb\",\"itemListElement\":[{\"@type\":\"ListItem\",\"position\":1,\"name\":\"Home\",\"item\":\"https:\/\/www.nordentoft-eq.com\/da\/home\/\"},{\"@type\":\"ListItem\",\"position\":2,\"name\":\"Serviceydelser\"}]},{\"@type\":\"WebSite\",\"@id\":\"https:\/\/www.nordentoft-eq.com\/#website\",\"url\":\"https:\/\/www.nordentoft-eq.com\/\",\"name\":\"Nordentoft.dk\",\"description\":\"\",\"potentialAction\":[{\"@type\":\"SearchAction\",\"target\":{\"@type\":\"EntryPoint\",\"urlTemplate\":\"https:\/\/www.nordentoft-eq.com\/?s={search_term_string}\"},\"query-input\":\"required name=search_term_string\"}],\"inLanguage\":\"da-DK\"}]}<\/script>\n<!-- \/ Yoast SEO plugin. -->","yoast_head_json":{"title":"Nordentofts serviceydelser - Kommisionssalg og opk\u00f8b af heste","description":"Nordentofts serviceydelser: Kommisionssalg hvor eksempelvis udvikling og kontakt til potentielle k\u00f8bere, samt opk\u00f8b af ungheste.","robots":{"index":"index","follow":"follow","max-snippet":"max-snippet:-1","max-image-preview":"max-image-preview:large","max-video-preview":"max-video-preview:-1"},"canonical":"https:\/\/www.nordentoft-eq.com\/da\/nordentofts-serviceydelser\/","og_locale":"da_DK","og_type":"article","og_title":"Nordentofts serviceydelser - Kommisionssalg og opk\u00f8b af heste","og_description":"Nordentofts serviceydelser: Kommisionssalg hvor eksempelvis udvikling og kontakt til potentielle k\u00f8bere, samt opk\u00f8b af ungheste.","og_url":"https:\/\/www.nordentoft-eq.com\/da\/nordentofts-serviceydelser\/","og_site_name":"Nordentoft.dk","article_modified_time":"2023-11-17T07:27:17+00:00","twitter_card":"summary_large_image","schema":{"@context":"https:\/\/schema.org","@graph":[{"@type":"WebPage","@id":"https:\/\/www.nordentoft-eq.com\/da\/nordentofts-serviceydelser\/","url":"https:\/\/www.nordentoft-eq.com\/da\/nordentofts-serviceydelser\/","name":"Nordentofts serviceydelser - Kommisionssalg og opk\u00f8b af heste","isPartOf":{"@id":"https:\/\/www.nordentoft-eq.com\/#website"},"datePublished":"2019-10-17T10:51:13+00:00","dateModified":"2023-11-17T07:27:17+00:00","description":"Nordentofts serviceydelser: Kommisionssalg hvor eksempelvis udvikling og kontakt til potentielle k\u00f8bere, samt opk\u00f8b af ungheste.","breadcrumb":{"@id":"https:\/\/www.nordentoft-eq.com\/da\/nordentofts-serviceydelser\/#breadcrumb"},"inLanguage":"da-DK","potentialAction":[{"@type":"ReadAction","target":["https:\/\/www.nordentoft-eq.com\/da\/nordentofts-serviceydelser\/"]}]},{"@type":"BreadcrumbList","@id":"https:\/\/www.nordentoft-eq.com\/da\/nordentofts-serviceydelser\/#breadcrumb","itemListElement":[{"@type":"ListItem","position":1,"name":"Home","item":"https:\/\/www.nordentoft-eq.com\/da\/home\/"},{"@type":"ListItem","position":2,"name":"Serviceydelser"}]},{"@type":"WebSite","@id":"https:\/\/www.nordentoft-eq.com\/#website","url":"https:\/\/www.nordentoft-eq.com\/","name":"Nordentoft.dk","description":"","potentialAction":[{"@type":"SearchAction","target":{"@type":"EntryPoint","urlTemplate":"https:\/\/www.nordentoft-eq.com\/?s={search_term_string}"},"query-input":"required name=search_term_string"}],"inLanguage":"da-DK"}]}},"app_templates_contact_top_banner_title":"","app_templates_contact_top_banner_image":"","app_templates_contact_top_banner_textarea":"","app_templates_contact_top_banner_button":{"value":"","url":"","anchor":"","blank":0},"app_templates_contact_customer_service_title":"","app_templates_contact_customer_service_description":"","app_templates_contact_customer_service_hours_title":"","app_templates_contact_customer_service_opening_hours":"","app_templates_contact_customer_service_phone":"","app_templates_contact_customer_service_email":"","app_templates_contact_office_title":"","app_templates_contact_office_address":"","app_templates_contact_office_phone":"","app_templates_contact_office_email":"","app_templates_contact_farms_title":"","app_templates_contact_farms_farms":[],"app_templates_cookie_policy_top_banner_title":"","app_templates_cookie_policy_top_banner_image":"","app_templates_cookie_policy_top_banner_textarea":"","app_templates_cookie_policy_top_banner_button":{"value":"","url":"","anchor":"","blank":0},"app_templates_modules_top_banner_title":"Nordentofts serviceydelser","app_templates_modules_top_banner_image":"2411","app_templates_modules_top_banner_textarea":"","app_templates_modules_top_banner_button":{"value":"","url":"","anchor":"","blank":"1"},"app_templates_modules_modules_modules":[{"_type":"text_image","title":"Kommisionssalg af heste","image":"521","text":"En af nordentofts serviceaftaler er at tilbyde en kommissionsaftale. Ved denne h\u00e5ndterer vi den daglige tr\u00e6ning, udvikling og dialog med potentielle k\u00f8bere. \r\n\r\nFor yderligere information kontakt Johanne Amby Ubbesen p\u00e5 +45 24 98 31 31.","button":{"value":"","url":"","anchor":"","blank":"1"},"image_position":"order-3"},{"_type":"text_image","title":"Opk\u00f8b af heste","image":"890","text":"Vi er altid interesserede i at k\u00f8be ungheste. Prim\u00e6rt i alderen 2 til 4 \u00e5r. Har du en hest, du mener kunne have interesse, er du meget velkommen til at kontakte os. Vores fokus er at forl\u00f8se hestens potentiale p\u00e5 den mest optimale m\u00e5de, velvidende at alle heste skal behandles individuelt. \r\nHar du en hest, du mener, der har potentiale, s\u00e5 kontakt Johanne Amby Ubbesen p\u00e5 +45 24 98 31 31.","button":{"value":"","url":"","anchor":"","blank":"1"},"image_position":"order-3"},{"_type":"text","title":"Salg af kvalitets heste","body":"&nbsp;\r\n\r\nHos Nordentoft har vi et stort udvalg af salgsheste med forskellig alder, niveau og st\u00f8rrelse.\r\n\r\nVed yderlige interesse kontakt Johanne Amby Ubbesen (+45 24983131)\r\n\r\n<img class=\"alignnone size-medium wp-image-2884\" src=\"\/app\/uploads\/2023\/11\/7E3086CF-0788-435B-8E54-E8BA524C000D-600x339.jpeg\" alt=\"\" width=\"300\" height=\"170\" \/>","text_position":"text-center","bg_color":"bg-white"}],"_links":{"self":[{"href":"https:\/\/www.nordentoft-eq.com\/da\/wp-json\/wp\/v2\/pages\/511"}],"collection":[{"href":"https:\/\/www.nordentoft-eq.com\/da\/wp-json\/wp\/v2\/pages"}],"about":[{"href":"https:\/\/www.nordentoft-eq.com\/da\/wp-json\/wp\/v2\/types\/page"}],"author":[{"embeddable":true,"href":"https:\/\/www.nordentoft-eq.com\/da\/wp-json\/wp\/v2\/users\/4"}],"replies":[{"embeddable":true,"href":"https:\/\/www.nordentoft-eq.com\/da\/wp-json\/wp\/v2\/comments?post=511"}],"version-history":[{"count":37,"href":"https:\/\/www.nordentoft-eq.com\/da\/wp-json\/wp\/v2\/pages\/511\/revisions"}],"predecessor-version":[{"id":2941,"href":"https:\/\/www.nordentoft-eq.com\/da\/wp-json\/wp\/v2\/pages\/511\/revisions\/2941"}],"wp:attachment":[{"href":"https:\/\/www.nordentoft-eq.com\/da\/wp-json\/wp\/v2\/media?parent=511"}],"curies":[{"name":"wp","href":"https:\/\/api.w.org\/{rel}","templated":true}]}}