{"id":509,"date":"2019-10-04T11:29:52","date_gmt":"2019-10-04T09:29:52","guid":{"rendered":"https:\/\/www.nordentoft-eq.com\/contact\/"},"modified":"2026-01-20T13:13:29","modified_gmt":"2026-01-20T12:13:29","slug":"kontakt-os","status":"publish","type":"page","link":"https:\/\/www.nordentoft-eq.com\/da\/kontakt-os\/","title":{"rendered":"Kontakt"},"content":{"rendered":"","protected":false},"excerpt":{"rendered":"","protected":false},"author":2,"featured_media":0,"parent":0,"menu_order":0,"comment_status":"closed","ping_status":"closed","template":"views\/template-contact.blade.php","meta":[],"yoast_head":"<!-- This site is optimized with the Yoast SEO plugin v20.3 - https:\/\/yoast.com\/wordpress\/plugins\/seo\/ -->\n<title>Kontakt os \u2013 Nordentoft er altid her for at hj\u00e6lpe dig<\/title>\n<meta name=\"description\" content=\"Uanset om du har sp\u00f8rgsm\u00e5l til Nordentoft, konkurrenceresultater eller en bestemt hest kan du altid kontakte os. Vi ser frem til at hj\u00e6lpe dig.\" \/>\n<meta name=\"robots\" content=\"index, follow, max-snippet:-1, max-image-preview:large, max-video-preview:-1\" \/>\n<link rel=\"canonical\" href=\"https:\/\/www.nordentoft-eq.com\/da\/kontakt-os\/\" \/>\n<meta property=\"og:locale\" content=\"da_DK\" \/>\n<meta property=\"og:type\" content=\"article\" \/>\n<meta property=\"og:title\" content=\"Kontakt os \u2013 Nordentoft er altid her for at hj\u00e6lpe dig\" \/>\n<meta property=\"og:description\" content=\"Uanset om du har sp\u00f8rgsm\u00e5l til Nordentoft, konkurrenceresultater eller en bestemt hest kan du altid kontakte os. Vi ser frem til at hj\u00e6lpe dig.\" \/>\n<meta property=\"og:url\" content=\"https:\/\/www.nordentoft-eq.com\/da\/kontakt-os\/\" \/>\n<meta property=\"og:site_name\" content=\"Nordentoft.dk\" \/>\n<meta property=\"article:modified_time\" content=\"2026-01-20T12:13:29+00:00\" \/>\n<meta name=\"twitter:card\" content=\"summary_large_image\" \/>\n<script type=\"application\/ld+json\" class=\"yoast-schema-graph\">{\"@context\":\"https:\/\/schema.org\",\"@graph\":[{\"@type\":\"WebPage\",\"@id\":\"https:\/\/www.nordentoft-eq.com\/da\/kontakt-os\/\",\"url\":\"https:\/\/www.nordentoft-eq.com\/da\/kontakt-os\/\",\"name\":\"Kontakt os \u2013 Nordentoft er altid her for at hj\u00e6lpe dig\",\"isPartOf\":{\"@id\":\"https:\/\/www.nordentoft-eq.com\/#website\"},\"datePublished\":\"2019-10-04T09:29:52+00:00\",\"dateModified\":\"2026-01-20T12:13:29+00:00\",\"description\":\"Uanset om du har sp\u00f8rgsm\u00e5l til Nordentoft, konkurrenceresultater eller en bestemt hest kan du altid kontakte os. Vi ser frem til at hj\u00e6lpe dig.\",\"breadcrumb\":{\"@id\":\"https:\/\/www.nordentoft-eq.com\/da\/kontakt-os\/#breadcrumb\"},\"inLanguage\":\"da-DK\",\"potentialAction\":[{\"@type\":\"ReadAction\",\"target\":[\"https:\/\/www.nordentoft-eq.com\/da\/kontakt-os\/\"]}]},{\"@type\":\"BreadcrumbList\",\"@id\":\"https:\/\/www.nordentoft-eq.com\/da\/kontakt-os\/#breadcrumb\",\"itemListElement\":[{\"@type\":\"ListItem\",\"position\":1,\"name\":\"Home\",\"item\":\"https:\/\/www.nordentoft-eq.com\/da\/home\/\"},{\"@type\":\"ListItem\",\"position\":2,\"name\":\"Kontakt\"}]},{\"@type\":\"WebSite\",\"@id\":\"https:\/\/www.nordentoft-eq.com\/#website\",\"url\":\"https:\/\/www.nordentoft-eq.com\/\",\"name\":\"Nordentoft.dk\",\"description\":\"\",\"potentialAction\":[{\"@type\":\"SearchAction\",\"target\":{\"@type\":\"EntryPoint\",\"urlTemplate\":\"https:\/\/www.nordentoft-eq.com\/?s={search_term_string}\"},\"query-input\":\"required name=search_term_string\"}],\"inLanguage\":\"da-DK\"}]}<\/script>\n<!-- \/ Yoast SEO plugin. -->","yoast_head_json":{"title":"Kontakt os \u2013 Nordentoft er altid her for at hj\u00e6lpe dig","description":"Uanset om du har sp\u00f8rgsm\u00e5l til Nordentoft, konkurrenceresultater eller en bestemt hest kan du altid kontakte os. Vi ser frem til at hj\u00e6lpe dig.","robots":{"index":"index","follow":"follow","max-snippet":"max-snippet:-1","max-image-preview":"max-image-preview:large","max-video-preview":"max-video-preview:-1"},"canonical":"https:\/\/www.nordentoft-eq.com\/da\/kontakt-os\/","og_locale":"da_DK","og_type":"article","og_title":"Kontakt os \u2013 Nordentoft er altid her for at hj\u00e6lpe dig","og_description":"Uanset om du har sp\u00f8rgsm\u00e5l til Nordentoft, konkurrenceresultater eller en bestemt hest kan du altid kontakte os. Vi ser frem til at hj\u00e6lpe dig.","og_url":"https:\/\/www.nordentoft-eq.com\/da\/kontakt-os\/","og_site_name":"Nordentoft.dk","article_modified_time":"2026-01-20T12:13:29+00:00","twitter_card":"summary_large_image","schema":{"@context":"https:\/\/schema.org","@graph":[{"@type":"WebPage","@id":"https:\/\/www.nordentoft-eq.com\/da\/kontakt-os\/","url":"https:\/\/www.nordentoft-eq.com\/da\/kontakt-os\/","name":"Kontakt os \u2013 Nordentoft er altid her for at hj\u00e6lpe dig","isPartOf":{"@id":"https:\/\/www.nordentoft-eq.com\/#website"},"datePublished":"2019-10-04T09:29:52+00:00","dateModified":"2026-01-20T12:13:29+00:00","description":"Uanset om du har sp\u00f8rgsm\u00e5l til Nordentoft, konkurrenceresultater eller en bestemt hest kan du altid kontakte os. Vi ser frem til at hj\u00e6lpe dig.","breadcrumb":{"@id":"https:\/\/www.nordentoft-eq.com\/da\/kontakt-os\/#breadcrumb"},"inLanguage":"da-DK","potentialAction":[{"@type":"ReadAction","target":["https:\/\/www.nordentoft-eq.com\/da\/kontakt-os\/"]}]},{"@type":"BreadcrumbList","@id":"https:\/\/www.nordentoft-eq.com\/da\/kontakt-os\/#breadcrumb","itemListElement":[{"@type":"ListItem","position":1,"name":"Home","item":"https:\/\/www.nordentoft-eq.com\/da\/home\/"},{"@type":"ListItem","position":2,"name":"Kontakt"}]},{"@type":"WebSite","@id":"https:\/\/www.nordentoft-eq.com\/#website","url":"https:\/\/www.nordentoft-eq.com\/","name":"Nordentoft.dk","description":"","potentialAction":[{"@type":"SearchAction","target":{"@type":"EntryPoint","urlTemplate":"https:\/\/www.nordentoft-eq.com\/?s={search_term_string}"},"query-input":"required name=search_term_string"}],"inLanguage":"da-DK"}]}},"app_templates_contact_top_banner_title":"Kontakt","app_templates_contact_top_banner_image":"2642","app_templates_contact_top_banner_textarea":"Du er altid velkommen til at kontakte os, hvis du har sp\u00f8rgsm\u00e5l eller har brug for specifikke oplysninger. \r\nVi er her for at hj\u00e6lpe dig. ","app_templates_contact_top_banner_button":{"value":"","url":"","anchor":"","blank":"1"},"app_templates_contact_customer_service_title":"Kundeservice ","app_templates_contact_customer_service_description":"Vi sidder klar ved telefonerne. Uanset om du har sp\u00f8rgsm\u00e5l om Nordentoft eller vores salgsheste. ","app_templates_contact_customer_service_hours_title":"","app_templates_contact_customer_service_opening_hours":"","app_templates_contact_customer_service_phone":"","app_templates_contact_customer_service_email":"","app_templates_contact_office_title":"Salgs- og tr\u00e6ningscenter","app_templates_contact_office_address":"Nordentoft \r\nEqustrian Performance & Business Center\r\n\r\nSalg og drift:\r\nT\u00f8rskindvej 70, \r\n7183 Randb\u00f8l\r\n\r\nVedr\u00f8rende salgsheste:\r\nJohanne Amby Ubbesen\r\nP: <a href=\"tel: (+45) 24 98 31 31\">+(45) 24 98 31 31<\/a>\r\n\r\nAdministration:\r\nL\u00f8gst\u00f8rvej 131, Krastrup\r\n9240 Nibe\r\n\r\nHenrik Amby\r\nM: amby@nordentoft-eq.com\r\n\r\n\r\n\r\n\r\n\r\n","app_templates_contact_office_phone":"","app_templates_contact_office_email":"info@nordentoft-eq.com","app_templates_contact_farms_title":"","app_templates_contact_farms_farms":[],"app_templates_cookie_policy_top_banner_title":"","app_templates_cookie_policy_top_banner_image":"","app_templates_cookie_policy_top_banner_textarea":"","app_templates_cookie_policy_top_banner_button":{"value":"","url":"","anchor":"","blank":0},"app_templates_modules_top_banner_title":"","app_templates_modules_top_banner_image":"","app_templates_modules_top_banner_textarea":"","app_templates_modules_top_banner_button":{"value":"","url":"","anchor":"","blank":0},"app_templates_modules_modules_modules":[],"_links":{"self":[{"href":"https:\/\/www.nordentoft-eq.com\/da\/wp-json\/wp\/v2\/pages\/509"}],"collection":[{"href":"https:\/\/www.nordentoft-eq.com\/da\/wp-json\/wp\/v2\/pages"}],"about":[{"href":"https:\/\/www.nordentoft-eq.com\/da\/wp-json\/wp\/v2\/types\/page"}],"author":[{"embeddable":true,"href":"https:\/\/www.nordentoft-eq.com\/da\/wp-json\/wp\/v2\/users\/2"}],"replies":[{"embeddable":true,"href":"https:\/\/www.nordentoft-eq.com\/da\/wp-json\/wp\/v2\/comments?post=509"}],"version-history":[{"count":30,"href":"https:\/\/www.nordentoft-eq.com\/da\/wp-json\/wp\/v2\/pages\/509\/revisions"}],"predecessor-version":[{"id":3255,"href":"https:\/\/www.nordentoft-eq.com\/da\/wp-json\/wp\/v2\/pages\/509\/revisions\/3255"}],"wp:attachment":[{"href":"https:\/\/www.nordentoft-eq.com\/da\/wp-json\/wp\/v2\/media?parent=509"}],"curies":[{"name":"wp","href":"https:\/\/api.w.org\/{rel}","templated":true}]}}