{"id":450,"date":"2019-10-04T11:30:07","date_gmt":"2019-10-04T09:30:07","guid":{"rendered":"https:\/\/www.nordentoft-eq.com\/about-us\/"},"modified":"2025-01-05T23:01:32","modified_gmt":"2025-01-05T22:01:32","slug":"om-nordentoft","status":"publish","type":"page","link":"https:\/\/www.nordentoft-eq.com\/da\/om-nordentoft\/","title":{"rendered":"About us"},"content":{"rendered":"","protected":false},"excerpt":{"rendered":"","protected":false},"author":2,"featured_media":0,"parent":0,"menu_order":0,"comment_status":"closed","ping_status":"closed","template":"views\/template-modules.blade.php","meta":[],"yoast_head":"<!-- This site is optimized with the Yoast SEO plugin v20.3 - https:\/\/yoast.com\/wordpress\/plugins\/seo\/ -->\n<title>Om Nordentoft - Kommisionssalg og opk\u00f8b af ungheste<\/title>\n<meta name=\"description\" content=\"&quot;Om Nordentoft&quot; omhandler vores to serviceydelser: Kommisionssalg, samt opk\u00f8b af ungheste. I begge services er din og hestens oplevelse vores topprioritet.\" \/>\n<meta name=\"robots\" content=\"index, follow, max-snippet:-1, max-image-preview:large, max-video-preview:-1\" \/>\n<link rel=\"canonical\" href=\"https:\/\/www.nordentoft-eq.com\/da\/om-nordentoft\/\" \/>\n<meta property=\"og:locale\" content=\"da_DK\" \/>\n<meta property=\"og:type\" content=\"article\" \/>\n<meta property=\"og:title\" content=\"Om Nordentoft - Kommisionssalg og opk\u00f8b af ungheste\" \/>\n<meta property=\"og:description\" content=\"&quot;Om Nordentoft&quot; omhandler vores to serviceydelser: Kommisionssalg, samt opk\u00f8b af ungheste. I begge services er din og hestens oplevelse vores topprioritet.\" \/>\n<meta property=\"og:url\" content=\"https:\/\/www.nordentoft-eq.com\/da\/om-nordentoft\/\" \/>\n<meta property=\"og:site_name\" content=\"Nordentoft.dk\" \/>\n<meta property=\"article:modified_time\" content=\"2025-01-05T22:01:32+00:00\" \/>\n<meta name=\"twitter:card\" content=\"summary_large_image\" \/>\n<script type=\"application\/ld+json\" class=\"yoast-schema-graph\">{\"@context\":\"https:\/\/schema.org\",\"@graph\":[{\"@type\":\"WebPage\",\"@id\":\"https:\/\/www.nordentoft-eq.com\/da\/om-nordentoft\/\",\"url\":\"https:\/\/www.nordentoft-eq.com\/da\/om-nordentoft\/\",\"name\":\"Om Nordentoft - Kommisionssalg og opk\u00f8b af ungheste\",\"isPartOf\":{\"@id\":\"https:\/\/www.nordentoft-eq.com\/#website\"},\"datePublished\":\"2019-10-04T09:30:07+00:00\",\"dateModified\":\"2025-01-05T22:01:32+00:00\",\"description\":\"\\\"Om Nordentoft\\\" omhandler vores to serviceydelser: Kommisionssalg, samt opk\u00f8b af ungheste. I begge services er din og hestens oplevelse vores topprioritet.\",\"breadcrumb\":{\"@id\":\"https:\/\/www.nordentoft-eq.com\/da\/om-nordentoft\/#breadcrumb\"},\"inLanguage\":\"da-DK\",\"potentialAction\":[{\"@type\":\"ReadAction\",\"target\":[\"https:\/\/www.nordentoft-eq.com\/da\/om-nordentoft\/\"]}]},{\"@type\":\"BreadcrumbList\",\"@id\":\"https:\/\/www.nordentoft-eq.com\/da\/om-nordentoft\/#breadcrumb\",\"itemListElement\":[{\"@type\":\"ListItem\",\"position\":1,\"name\":\"Home\",\"item\":\"https:\/\/www.nordentoft-eq.com\/da\/home\/\"},{\"@type\":\"ListItem\",\"position\":2,\"name\":\"About us\"}]},{\"@type\":\"WebSite\",\"@id\":\"https:\/\/www.nordentoft-eq.com\/#website\",\"url\":\"https:\/\/www.nordentoft-eq.com\/\",\"name\":\"Nordentoft.dk\",\"description\":\"\",\"potentialAction\":[{\"@type\":\"SearchAction\",\"target\":{\"@type\":\"EntryPoint\",\"urlTemplate\":\"https:\/\/www.nordentoft-eq.com\/?s={search_term_string}\"},\"query-input\":\"required name=search_term_string\"}],\"inLanguage\":\"da-DK\"}]}<\/script>\n<!-- \/ Yoast SEO plugin. -->","yoast_head_json":{"title":"Om Nordentoft - Kommisionssalg og opk\u00f8b af ungheste","description":"\"Om Nordentoft\" omhandler vores to serviceydelser: Kommisionssalg, samt opk\u00f8b af ungheste. I begge services er din og hestens oplevelse vores topprioritet.","robots":{"index":"index","follow":"follow","max-snippet":"max-snippet:-1","max-image-preview":"max-image-preview:large","max-video-preview":"max-video-preview:-1"},"canonical":"https:\/\/www.nordentoft-eq.com\/da\/om-nordentoft\/","og_locale":"da_DK","og_type":"article","og_title":"Om Nordentoft - Kommisionssalg og opk\u00f8b af ungheste","og_description":"\"Om Nordentoft\" omhandler vores to serviceydelser: Kommisionssalg, samt opk\u00f8b af ungheste. I begge services er din og hestens oplevelse vores topprioritet.","og_url":"https:\/\/www.nordentoft-eq.com\/da\/om-nordentoft\/","og_site_name":"Nordentoft.dk","article_modified_time":"2025-01-05T22:01:32+00:00","twitter_card":"summary_large_image","schema":{"@context":"https:\/\/schema.org","@graph":[{"@type":"WebPage","@id":"https:\/\/www.nordentoft-eq.com\/da\/om-nordentoft\/","url":"https:\/\/www.nordentoft-eq.com\/da\/om-nordentoft\/","name":"Om Nordentoft - Kommisionssalg og opk\u00f8b af ungheste","isPartOf":{"@id":"https:\/\/www.nordentoft-eq.com\/#website"},"datePublished":"2019-10-04T09:30:07+00:00","dateModified":"2025-01-05T22:01:32+00:00","description":"\"Om Nordentoft\" omhandler vores to serviceydelser: Kommisionssalg, samt opk\u00f8b af ungheste. I begge services er din og hestens oplevelse vores topprioritet.","breadcrumb":{"@id":"https:\/\/www.nordentoft-eq.com\/da\/om-nordentoft\/#breadcrumb"},"inLanguage":"da-DK","potentialAction":[{"@type":"ReadAction","target":["https:\/\/www.nordentoft-eq.com\/da\/om-nordentoft\/"]}]},{"@type":"BreadcrumbList","@id":"https:\/\/www.nordentoft-eq.com\/da\/om-nordentoft\/#breadcrumb","itemListElement":[{"@type":"ListItem","position":1,"name":"Home","item":"https:\/\/www.nordentoft-eq.com\/da\/home\/"},{"@type":"ListItem","position":2,"name":"About us"}]},{"@type":"WebSite","@id":"https:\/\/www.nordentoft-eq.com\/#website","url":"https:\/\/www.nordentoft-eq.com\/","name":"Nordentoft.dk","description":"","potentialAction":[{"@type":"SearchAction","target":{"@type":"EntryPoint","urlTemplate":"https:\/\/www.nordentoft-eq.com\/?s={search_term_string}"},"query-input":"required name=search_term_string"}],"inLanguage":"da-DK"}]}},"app_templates_contact_top_banner_title":"","app_templates_contact_top_banner_image":"","app_templates_contact_top_banner_textarea":"","app_templates_contact_top_banner_button":{"value":"","url":"","anchor":"","blank":0},"app_templates_contact_customer_service_title":"","app_templates_contact_customer_service_description":"","app_templates_contact_customer_service_hours_title":"","app_templates_contact_customer_service_opening_hours":"","app_templates_contact_customer_service_phone":"","app_templates_contact_customer_service_email":"","app_templates_contact_office_title":"","app_templates_contact_office_address":"","app_templates_contact_office_phone":"","app_templates_contact_office_email":"","app_templates_contact_farms_title":"","app_templates_contact_farms_farms":[],"app_templates_cookie_policy_top_banner_title":"","app_templates_cookie_policy_top_banner_image":"","app_templates_cookie_policy_top_banner_textarea":"","app_templates_cookie_policy_top_banner_button":{"value":"","url":"","anchor":"","blank":0},"app_templates_modules_top_banner_title":"Om Nordentoft","app_templates_modules_top_banner_image":"2407","app_templates_modules_top_banner_textarea":"Vi udvikler, matcher og handler med konkurrenceheste af h\u00f8j kvalitet for ryttere, k\u00f8bere og investorer p\u00e5 det internationale marked.","app_templates_modules_top_banner_button":{"value":"","url":"","anchor":"","blank":"1"},"app_templates_modules_modules_modules":[{"_type":"video","title":"Vi finder det perfekte match ","video":"2423","video_subtitle":"","placeholder":"2452","description":"At ramme helt rigtigt i forhold til at finde det perfekte match mellem hest og rytter \u2013 ja, det er en kunst i sig selv. Det kr\u00e6ver en god portion erfaring, tillid, \u00e6rlighed og dyb indsigt i b\u00e5de hest og rytters ambition og niveau.\r\n"},{"_type":"text_image","title":"Om Nordentoft","image":"2440","text":"Nordentoft er et ridesports- og businesscenter.\r\n\r\nMed gennemsigtighed, sans for forretning, ambition og oprigtig k\u00e6rlighed til sporten i centrum, udvikler, matcher og handler vi kvalitetsheste for ryttere, k\u00f8bere og investorer nationalt og internationalt.\r\n\r\nVi er et hold af erfarne profiler \u2013 der alle har opn\u00e5et succes indenfor hvert sit felt.\r\nOg vi har samlet alt vores viden, faglighed, erfaring og kompetence under \u00e9t tag \u2013 Nordentoft. Vi g\u00e5r til arbejdet med en f\u00e6lles forst\u00e5else for, at \u00e6rlighed, integritet og gensidig respekt for rytter, hest og \u00f8konomi er en foruds\u00e6tning for succes.  ","button":{"value":"","url":"","anchor":"","blank":"1"},"image_position":"order-1"},{"_type":"text_image","title":"Hvorfor Nordentoft?","image":"2442","text":"Vi forbedrer vores m\u00e5de, vi udvikler b\u00e5de hest og rytter \u2013 men ogs\u00e5 m\u00e5den vi driver forretning p\u00e5. Vi er dedikerede, og i tilf\u00e6lde af udfordringer, bruger vi vores store  erfaring og ekspertise p\u00e5, at finde de bedst mulige l\u00f8sninger. Ikke de letteste eller de hurtigste \u2013 men de bedste. L\u00f8sninger, der ikke blot er gode for os \u2013 men for alle parter involverede.\r\n","button":{"value":"","url":"","anchor":"","blank":"1"},"image_position":"order-3"},{"_type":"quote","quote":"Vi finder det \u2013 og det perfekte match er v\u00e6rd at vente p\u00e5. Fordi vi tror p\u00e5, at rammer man helt rigtigt, s\u00e5 er der ingen gr\u00e6nser for, hvad hest og rytter kan opn\u00e5 sammen.\r\n","source":"Henrik Amby,  CEO og ejer, Nordentoft "},{"_type":"team","title":"Team","members":[{"_type":"_","name":"Bente Krogsgaard","image":"502","position":"Personale og team udvikling","phone":"+45 24 60 07 64 ","email":"bk@nordentoft-eq.com"},{"_type":"_","name":"Jakob Gaardsted","image":"503","position":"Kommunikation og marketing","phone":"+45 40 44 76 22","email":""},{"_type":"_","name":"Jacqueline Dupont","image":"1173","position":"Exam. Berider","phone":"","email":""},{"_type":"_","name":"Johanne Amby","image":"2541","position":"Rytter","phone":"+45 24 98 31 31","email":"ja@nordentoft-eq.com"},{"_type":"_","name":"Gabriel Pristavita","image":"1173","position":"Groundsman","phone":"","email":""}]}],"_links":{"self":[{"href":"https:\/\/www.nordentoft-eq.com\/da\/wp-json\/wp\/v2\/pages\/450"}],"collection":[{"href":"https:\/\/www.nordentoft-eq.com\/da\/wp-json\/wp\/v2\/pages"}],"about":[{"href":"https:\/\/www.nordentoft-eq.com\/da\/wp-json\/wp\/v2\/types\/page"}],"author":[{"embeddable":true,"href":"https:\/\/www.nordentoft-eq.com\/da\/wp-json\/wp\/v2\/users\/2"}],"replies":[{"embeddable":true,"href":"https:\/\/www.nordentoft-eq.com\/da\/wp-json\/wp\/v2\/comments?post=450"}],"version-history":[{"count":136,"href":"https:\/\/www.nordentoft-eq.com\/da\/wp-json\/wp\/v2\/pages\/450\/revisions"}],"predecessor-version":[{"id":3232,"href":"https:\/\/www.nordentoft-eq.com\/da\/wp-json\/wp\/v2\/pages\/450\/revisions\/3232"}],"wp:attachment":[{"href":"https:\/\/www.nordentoft-eq.com\/da\/wp-json\/wp\/v2\/media?parent=450"}],"curies":[{"name":"wp","href":"https:\/\/api.w.org\/{rel}","templated":true}]}}