{"id":447,"date":"2019-10-04T11:30:26","date_gmt":"2019-10-04T09:30:26","guid":{"rendered":"https:\/\/www.nordentoft-eq.com\/home\/"},"modified":"2026-01-15T14:35:10","modified_gmt":"2026-01-15T13:35:10","slug":"home","status":"publish","type":"page","link":"https:\/\/www.nordentoft-eq.com\/da\/","title":{"rendered":"Forside"},"content":{"rendered":"","protected":false},"excerpt":{"rendered":"","protected":false},"author":2,"featured_media":0,"parent":0,"menu_order":0,"comment_status":"closed","ping_status":"closed","template":"views\/template-modules.blade.php","meta":[],"yoast_head":"<!-- This site is optimized with the Yoast SEO plugin v20.3 - https:\/\/yoast.com\/wordpress\/plugins\/seo\/ -->\n<title>Nordentoft - Springheste - Dressurheste - Konkurrenceheste<\/title>\n<meta name=\"description\" content=\"Nordentoft er specialister i at udvikle h\u00f8j kvalitets dressur - og springheste. Vi matcher hest og rytter.\" \/>\n<meta name=\"robots\" content=\"index, follow, max-snippet:-1, max-image-preview:large, max-video-preview:-1\" \/>\n<link rel=\"canonical\" href=\"https:\/\/www.nordentoft-eq.com\/da\/home\/\" \/>\n<meta property=\"og:locale\" content=\"da_DK\" \/>\n<meta property=\"og:type\" content=\"article\" \/>\n<meta property=\"og:title\" content=\"Nordentoft - Springheste - Dressurheste - Konkurrenceheste\" \/>\n<meta property=\"og:description\" content=\"Nordentoft er specialister i at udvikle h\u00f8j kvalitets dressur - og springheste. Vi matcher hest og rytter.\" \/>\n<meta property=\"og:url\" content=\"https:\/\/www.nordentoft-eq.com\/da\/home\/\" \/>\n<meta property=\"og:site_name\" content=\"Nordentoft.dk\" \/>\n<meta property=\"article:modified_time\" content=\"2026-01-15T13:35:10+00:00\" \/>\n<meta name=\"twitter:card\" content=\"summary_large_image\" \/>\n<script type=\"application\/ld+json\" class=\"yoast-schema-graph\">{\"@context\":\"https:\/\/schema.org\",\"@graph\":[{\"@type\":\"WebPage\",\"@id\":\"https:\/\/www.nordentoft-eq.com\/da\/home\/\",\"url\":\"https:\/\/www.nordentoft-eq.com\/da\/home\/\",\"name\":\"Nordentoft - Springheste - Dressurheste - Konkurrenceheste\",\"isPartOf\":{\"@id\":\"https:\/\/www.nordentoft-eq.com\/#website\"},\"datePublished\":\"2019-10-04T09:30:26+00:00\",\"dateModified\":\"2026-01-15T13:35:10+00:00\",\"description\":\"Nordentoft er specialister i at udvikle h\u00f8j kvalitets dressur - og springheste. Vi matcher hest og rytter.\",\"breadcrumb\":{\"@id\":\"https:\/\/www.nordentoft-eq.com\/da\/home\/#breadcrumb\"},\"inLanguage\":\"da-DK\",\"potentialAction\":[{\"@type\":\"ReadAction\",\"target\":[\"https:\/\/www.nordentoft-eq.com\/da\/home\/\"]}]},{\"@type\":\"BreadcrumbList\",\"@id\":\"https:\/\/www.nordentoft-eq.com\/da\/home\/#breadcrumb\",\"itemListElement\":[{\"@type\":\"ListItem\",\"position\":1,\"name\":\"Home\",\"item\":\"https:\/\/www.nordentoft-eq.com\/da\/home\/\"},{\"@type\":\"ListItem\",\"position\":2,\"name\":\"Forside\"}]},{\"@type\":\"WebSite\",\"@id\":\"https:\/\/www.nordentoft-eq.com\/#website\",\"url\":\"https:\/\/www.nordentoft-eq.com\/\",\"name\":\"Nordentoft.dk\",\"description\":\"\",\"potentialAction\":[{\"@type\":\"SearchAction\",\"target\":{\"@type\":\"EntryPoint\",\"urlTemplate\":\"https:\/\/www.nordentoft-eq.com\/?s={search_term_string}\"},\"query-input\":\"required name=search_term_string\"}],\"inLanguage\":\"da-DK\"}]}<\/script>\n<!-- \/ Yoast SEO plugin. -->","yoast_head_json":{"title":"Nordentoft - Springheste - Dressurheste - Konkurrenceheste","description":"Nordentoft er specialister i at udvikle h\u00f8j kvalitets dressur - og springheste. Vi matcher hest og rytter.","robots":{"index":"index","follow":"follow","max-snippet":"max-snippet:-1","max-image-preview":"max-image-preview:large","max-video-preview":"max-video-preview:-1"},"canonical":"https:\/\/www.nordentoft-eq.com\/da\/home\/","og_locale":"da_DK","og_type":"article","og_title":"Nordentoft - Springheste - Dressurheste - Konkurrenceheste","og_description":"Nordentoft er specialister i at udvikle h\u00f8j kvalitets dressur - og springheste. Vi matcher hest og rytter.","og_url":"https:\/\/www.nordentoft-eq.com\/da\/home\/","og_site_name":"Nordentoft.dk","article_modified_time":"2026-01-15T13:35:10+00:00","twitter_card":"summary_large_image","schema":{"@context":"https:\/\/schema.org","@graph":[{"@type":"WebPage","@id":"https:\/\/www.nordentoft-eq.com\/da\/home\/","url":"https:\/\/www.nordentoft-eq.com\/da\/home\/","name":"Nordentoft - Springheste - Dressurheste - Konkurrenceheste","isPartOf":{"@id":"https:\/\/www.nordentoft-eq.com\/#website"},"datePublished":"2019-10-04T09:30:26+00:00","dateModified":"2026-01-15T13:35:10+00:00","description":"Nordentoft er specialister i at udvikle h\u00f8j kvalitets dressur - og springheste. Vi matcher hest og rytter.","breadcrumb":{"@id":"https:\/\/www.nordentoft-eq.com\/da\/home\/#breadcrumb"},"inLanguage":"da-DK","potentialAction":[{"@type":"ReadAction","target":["https:\/\/www.nordentoft-eq.com\/da\/home\/"]}]},{"@type":"BreadcrumbList","@id":"https:\/\/www.nordentoft-eq.com\/da\/home\/#breadcrumb","itemListElement":[{"@type":"ListItem","position":1,"name":"Home","item":"https:\/\/www.nordentoft-eq.com\/da\/home\/"},{"@type":"ListItem","position":2,"name":"Forside"}]},{"@type":"WebSite","@id":"https:\/\/www.nordentoft-eq.com\/#website","url":"https:\/\/www.nordentoft-eq.com\/","name":"Nordentoft.dk","description":"","potentialAction":[{"@type":"SearchAction","target":{"@type":"EntryPoint","urlTemplate":"https:\/\/www.nordentoft-eq.com\/?s={search_term_string}"},"query-input":"required name=search_term_string"}],"inLanguage":"da-DK"}]}},"app_templates_contact_top_banner_title":"","app_templates_contact_top_banner_image":"","app_templates_contact_top_banner_textarea":"","app_templates_contact_top_banner_button":{"value":"","url":"","anchor":"","blank":0},"app_templates_contact_customer_service_title":"","app_templates_contact_customer_service_description":"","app_templates_contact_customer_service_hours_title":"","app_templates_contact_customer_service_opening_hours":"","app_templates_contact_customer_service_phone":"","app_templates_contact_customer_service_email":"","app_templates_contact_office_title":"","app_templates_contact_office_address":"","app_templates_contact_office_phone":"","app_templates_contact_office_email":"","app_templates_contact_farms_title":"","app_templates_contact_farms_farms":[],"app_templates_cookie_policy_top_banner_title":"","app_templates_cookie_policy_top_banner_image":"","app_templates_cookie_policy_top_banner_textarea":"","app_templates_cookie_policy_top_banner_button":{"value":"","url":"","anchor":"","blank":0},"app_templates_modules_top_banner_title":"Vi flytter","app_templates_modules_top_banner_image":"2409","app_templates_modules_top_banner_textarea":"Pressemeddelelse \/ Vi flytter til nye faciliteter","app_templates_modules_top_banner_button":{"value":"","url":"\/da\/pressemeddelelse\/","anchor":"L\u00e6s mere","blank":"0"},"app_templates_modules_modules_modules":[{"_type":"text_image","title":"Om os","image":"2436","text":"Nordentoft er et ridesports- og businesscenter. \r\nVi udvikler, matcher og handler med konkurrenceheste af h\u00f8j kvalitet for ryttere, k\u00f8bere og investorer p\u00e5 det internationale marked.","button":{"value":"","url":"\/da\/om-nordentoft\/","anchor":"L\u00e6s mere","blank":"0"},"image_position":"order-3"},{"_type":"text_image","title":"Hvorfor Nordentoft ","image":"2920","text":"Vi fors\u00f8ger hver dag p\u00e5 at forbedre m\u00e5den, vi udvikler b\u00e5de hest og rytter \u2013 men ogs\u00e5 m\u00e5den, vi driver forretning p\u00e5. Vi er dedikerede, og m\u00f8der vi udfordringer, s\u00e5 bruger vi alt vores erfaring og ekspertise p\u00e5 at finde de bedst mulige l\u00f8sninger. Ikke de letteste eller de hurtigste \u2013 men de bedste. L\u00f8sninger, der ikke blot er gode for os \u2013 men for alle parter involverede. Vi g\u00f8r det, fordi vi tror p\u00e5, vi kan flytte gr\u00e6nserne for, hvad hest og rytter kan opn\u00e5 sammen \u2013 og det samme g\u00e6lder for vores forretning og setup.","button":{"value":"","url":"\/da\/om-nordentoft\/","anchor":"L\u00e6s mere","blank":"0"},"image_position":"order-1"},{"_type":"text_video","title":"Vi har et stort udvalg af kvalitets heste til salg","video":"3082","poster":"3084","video_subtitle":"","text":"Se vores udvalg af salgsheste her p\u00e5 siden eller p\u00e5 vores facebook\/instagram.\r\nFinder du ikke det du s\u00f8ger, s\u00e5 t\u00f8v ikke med at kontakte Johanne Amby p\u00e5 telefon +45 24983131 eller E-mail Ja@nordentoft-eq.com","button":{"value":"","url":"\/da\/vore-heste\/salgsheste\/","anchor":"Salgsheste","blank":"0"},"video_position":"order-3"}],"_links":{"self":[{"href":"https:\/\/www.nordentoft-eq.com\/da\/wp-json\/wp\/v2\/pages\/447"}],"collection":[{"href":"https:\/\/www.nordentoft-eq.com\/da\/wp-json\/wp\/v2\/pages"}],"about":[{"href":"https:\/\/www.nordentoft-eq.com\/da\/wp-json\/wp\/v2\/types\/page"}],"author":[{"embeddable":true,"href":"https:\/\/www.nordentoft-eq.com\/da\/wp-json\/wp\/v2\/users\/2"}],"replies":[{"embeddable":true,"href":"https:\/\/www.nordentoft-eq.com\/da\/wp-json\/wp\/v2\/comments?post=447"}],"version-history":[{"count":48,"href":"https:\/\/www.nordentoft-eq.com\/da\/wp-json\/wp\/v2\/pages\/447\/revisions"}],"predecessor-version":[{"id":3249,"href":"https:\/\/www.nordentoft-eq.com\/da\/wp-json\/wp\/v2\/pages\/447\/revisions\/3249"}],"wp:attachment":[{"href":"https:\/\/www.nordentoft-eq.com\/da\/wp-json\/wp\/v2\/media?parent=447"}],"curies":[{"name":"wp","href":"https:\/\/api.w.org\/{rel}","templated":true}]}}