{"id":3235,"date":"2026-01-13T08:31:03","date_gmt":"2026-01-13T07:31:03","guid":{"rendered":"https:\/\/www.nordentoft-eq.com\/?page_id=3235"},"modified":"2026-01-13T08:31:18","modified_gmt":"2026-01-13T07:31:18","slug":"pressemeddelelse","status":"publish","type":"page","link":"https:\/\/www.nordentoft-eq.com\/da\/pressemeddelelse\/","title":{"rendered":"Pressemeddelelse"},"content":{"rendered":"","protected":false},"excerpt":{"rendered":"","protected":false},"author":4,"featured_media":0,"parent":0,"menu_order":0,"comment_status":"closed","ping_status":"closed","template":"views\/template-modules.blade.php","meta":[],"yoast_head":"<!-- This site is optimized with the Yoast SEO plugin v20.3 - https:\/\/yoast.com\/wordpress\/plugins\/seo\/ -->\n<title>Pressemeddelelse - Nordentoft.dk<\/title>\n<meta name=\"robots\" content=\"index, follow, max-snippet:-1, max-image-preview:large, max-video-preview:-1\" \/>\n<link rel=\"canonical\" href=\"https:\/\/www.nordentoft-eq.com\/pressemeddelelse\/\" \/>\n<meta property=\"og:locale\" content=\"da_DK\" \/>\n<meta property=\"og:type\" content=\"article\" \/>\n<meta property=\"og:title\" content=\"Pressemeddelelse - Nordentoft.dk\" \/>\n<meta property=\"og:url\" content=\"https:\/\/www.nordentoft-eq.com\/pressemeddelelse\/\" \/>\n<meta property=\"og:site_name\" content=\"Nordentoft.dk\" \/>\n<meta property=\"article:modified_time\" content=\"2026-01-13T07:31:18+00:00\" \/>\n<meta name=\"twitter:card\" content=\"summary_large_image\" \/>\n<script type=\"application\/ld+json\" class=\"yoast-schema-graph\">{\"@context\":\"https:\/\/schema.org\",\"@graph\":[{\"@type\":\"WebPage\",\"@id\":\"https:\/\/www.nordentoft-eq.com\/pressemeddelelse\/\",\"url\":\"https:\/\/www.nordentoft-eq.com\/pressemeddelelse\/\",\"name\":\"Pressemeddelelse - Nordentoft.dk\",\"isPartOf\":{\"@id\":\"https:\/\/www.nordentoft-eq.com\/#website\"},\"datePublished\":\"2026-01-13T07:31:03+00:00\",\"dateModified\":\"2026-01-13T07:31:18+00:00\",\"breadcrumb\":{\"@id\":\"https:\/\/www.nordentoft-eq.com\/pressemeddelelse\/#breadcrumb\"},\"inLanguage\":\"da-DK\",\"potentialAction\":[{\"@type\":\"ReadAction\",\"target\":[\"https:\/\/www.nordentoft-eq.com\/pressemeddelelse\/\"]}]},{\"@type\":\"BreadcrumbList\",\"@id\":\"https:\/\/www.nordentoft-eq.com\/pressemeddelelse\/#breadcrumb\",\"itemListElement\":[{\"@type\":\"ListItem\",\"position\":1,\"name\":\"Home\",\"item\":\"https:\/\/www.nordentoft-eq.com\/da\/home\/\"},{\"@type\":\"ListItem\",\"position\":2,\"name\":\"Pressemeddelelse\"}]},{\"@type\":\"WebSite\",\"@id\":\"https:\/\/www.nordentoft-eq.com\/#website\",\"url\":\"https:\/\/www.nordentoft-eq.com\/\",\"name\":\"Nordentoft.dk\",\"description\":\"\",\"potentialAction\":[{\"@type\":\"SearchAction\",\"target\":{\"@type\":\"EntryPoint\",\"urlTemplate\":\"https:\/\/www.nordentoft-eq.com\/?s={search_term_string}\"},\"query-input\":\"required name=search_term_string\"}],\"inLanguage\":\"da-DK\"}]}<\/script>\n<!-- \/ Yoast SEO plugin. -->","yoast_head_json":{"title":"Pressemeddelelse - Nordentoft.dk","robots":{"index":"index","follow":"follow","max-snippet":"max-snippet:-1","max-image-preview":"max-image-preview:large","max-video-preview":"max-video-preview:-1"},"canonical":"https:\/\/www.nordentoft-eq.com\/pressemeddelelse\/","og_locale":"da_DK","og_type":"article","og_title":"Pressemeddelelse - Nordentoft.dk","og_url":"https:\/\/www.nordentoft-eq.com\/pressemeddelelse\/","og_site_name":"Nordentoft.dk","article_modified_time":"2026-01-13T07:31:18+00:00","twitter_card":"summary_large_image","schema":{"@context":"https:\/\/schema.org","@graph":[{"@type":"WebPage","@id":"https:\/\/www.nordentoft-eq.com\/pressemeddelelse\/","url":"https:\/\/www.nordentoft-eq.com\/pressemeddelelse\/","name":"Pressemeddelelse - Nordentoft.dk","isPartOf":{"@id":"https:\/\/www.nordentoft-eq.com\/#website"},"datePublished":"2026-01-13T07:31:03+00:00","dateModified":"2026-01-13T07:31:18+00:00","breadcrumb":{"@id":"https:\/\/www.nordentoft-eq.com\/pressemeddelelse\/#breadcrumb"},"inLanguage":"da-DK","potentialAction":[{"@type":"ReadAction","target":["https:\/\/www.nordentoft-eq.com\/pressemeddelelse\/"]}]},{"@type":"BreadcrumbList","@id":"https:\/\/www.nordentoft-eq.com\/pressemeddelelse\/#breadcrumb","itemListElement":[{"@type":"ListItem","position":1,"name":"Home","item":"https:\/\/www.nordentoft-eq.com\/da\/home\/"},{"@type":"ListItem","position":2,"name":"Pressemeddelelse"}]},{"@type":"WebSite","@id":"https:\/\/www.nordentoft-eq.com\/#website","url":"https:\/\/www.nordentoft-eq.com\/","name":"Nordentoft.dk","description":"","potentialAction":[{"@type":"SearchAction","target":{"@type":"EntryPoint","urlTemplate":"https:\/\/www.nordentoft-eq.com\/?s={search_term_string}"},"query-input":"required name=search_term_string"}],"inLanguage":"da-DK"}]}},"app_templates_contact_top_banner_title":"","app_templates_contact_top_banner_image":"","app_templates_contact_top_banner_textarea":"","app_templates_contact_top_banner_button":{"value":"","url":"","anchor":"","blank":0},"app_templates_contact_customer_service_title":"","app_templates_contact_customer_service_description":"","app_templates_contact_customer_service_hours_title":"","app_templates_contact_customer_service_opening_hours":"","app_templates_contact_customer_service_phone":"","app_templates_contact_customer_service_email":"","app_templates_contact_office_title":"","app_templates_contact_office_address":"","app_templates_contact_office_phone":"","app_templates_contact_office_email":"","app_templates_contact_farms_title":"","app_templates_contact_farms_farms":[],"app_templates_cookie_policy_top_banner_title":"","app_templates_cookie_policy_top_banner_image":"","app_templates_cookie_policy_top_banner_textarea":"","app_templates_cookie_policy_top_banner_button":{"value":"","url":"","anchor":"","blank":0},"app_templates_modules_top_banner_title":"Pressemeddelelse","app_templates_modules_top_banner_image":"2408","app_templates_modules_top_banner_textarea":"Vi flytter til nye faciliteter","app_templates_modules_top_banner_button":{"value":"","url":"","anchor":"","blank":"0"},"app_templates_modules_modules_modules":[{"_type":"text","title":"Nordentoft Equestrian foretager stor strategisk optimering","body":"<h4><strong>Hele driften flyttes pr. 15. januar 2026 fra Krastrup til Randb\u00f8l Dressage Academy \u2013 de tidligere Blue Hors-faciliteter<\/strong><\/h4>\r\nNordentoft Equestrian meddeler fredag den 9. januar 2026, at virksomheden pr. 15. januar 2026 flytter hele sin drift fra det nuv\u00e6rende domicil i Krastrup til Randb\u00f8l Dressage Academy \u2013 de tidligere internationalt anerkendte Blue Hors-faciliteter. Flytningen markerer et stort og afg\u00f8rende strategisk skridt i Nordentoft Equestrians fortsatte udvikling.\r\n\r\nMed etableringen i Randb\u00f8l f\u00e5r Nordentoft Equestrian adgang til et st\u00e6rkt, professionelt og internationalt orienteret milj\u00f8, der \u00e5bner nye muligheder for samarbejde, udvikling og v\u00e6kst. Flytningen underst\u00f8tter virksomhedens ambition om at udvikle heste p\u00e5 h\u00f8jeste niveau \u2013 og samtidig skabe en moderne, transparent og dynamisk forretning i hestebranchen.\r\n\r\n\u201cHos Nordentoft Equestrian s\u00f8ger vi konstant nye muligheder for at udvikle og optimere vores forretning. Flytningen til Randb\u00f8l Dressage Academy giver os mulighed for at optimere vores daglige arbejde \u2013 b\u00e5de i forhold til det praktiske i hverdagen, men i s\u00e6rdeleshed ogs\u00e5 i forhold til at indfri vores ambitioner for fremtiden,\u201d udtaler Henrik Amby, CEO i Nordentoft Equestrian.\r\n\r\n\u201cVi har efterh\u00e5nden opbygget en virkelig st\u00e6rk portef\u00f8lje af heste med meget stor kapacitet. Med flytningen til Randb\u00f8l Dressage Academy f\u00e5r vi med \u00e9t tr\u00e6k adgang til unikke rammer samt faglige kompetencer p\u00e5 internationalt niveau, n\u00e5r det kommer til udvikling af heste. Det giver os mulighed for at fastholde den positive udvikling \u2013 og forl\u00f8se det store potentiale.\u201d\r\n\r\nRandb\u00f8l Dressage Academy er kendt for sin h\u00f8je standard, professionelle omgivelser og sin markante betydning i b\u00e5de dansk og international dressur. At Nordentoft Equestrian nu forankrer sin fremtidige drift i disse rammer, understreger b\u00e5de den position, virksomheden \u00f8nsker at fastholde og udvikle i markedet, samt den langsigtede strategi, der har v\u00e6ret en del af Nordentoft Equestrians DNA fra begyndelsen.\r\n\r\nDennis Fisker fra Randb\u00f8l Dressage Academy udtaler: \u201dVi er utroligt glade for at kunne byde Nordentoft Equestrian velkommen, og meget stolte over at de har kunne se potentialet og mulighederne i vores setup. Vi gl\u00e6der os til samarbejdet, og til at vise at vi med Randb\u00f8l Dressage Academy har skabt et setup, hvor der via en bred kompetence pallette, h\u00f8j faglighed samt fleksible og transparent samarbejder \u2013 kan h\u00f8stes mange positive synergier. Vores ambition er at skabe et tr\u00e6ning- og udviklingsfyrt\u00e5rn, som alle der har interesse i udvikling-, salg- og k\u00f8b af heste prioriterer at bes\u00f8ge.\u201d\r\n\r\n\u201cNordentoft Equestrian er skabt ud fra en ambition om at g\u00f8re tingene anderledes, end branchen traditionelt har gjort. Vi vil t\u00e6nke nyt. Vi vil have gennemsigtighed og \u00e5benhed. Og vi tror p\u00e5 udvikling \u2013 og p\u00e5 at skabe nye tilgange og l\u00f8sninger,\u201d siger Henrik Amby og afslutter:\r\n\r\n\u201cVores nye setup i t\u00e6t samarbejde med Randb\u00f8l Dressage Academy er et st\u00e6rkt eksempel p\u00e5 netop det. Jeg gl\u00e6der mig til, at vi er fuldt p\u00e5 plads den 15. januar og kan forts\u00e6tte med at udvikle Nordentoft Equestrian videre i det nye setup.\u201d\r\n<h4>For yderligere information, kontakt:<\/h4>\r\nHenrik Amby\r\nTelefon: +45 4045 0964\r\nE-mail: amby@nordentoft-eq.com","text_position":"text-center","bg_color":"bg-white"}],"_links":{"self":[{"href":"https:\/\/www.nordentoft-eq.com\/da\/wp-json\/wp\/v2\/pages\/3235"}],"collection":[{"href":"https:\/\/www.nordentoft-eq.com\/da\/wp-json\/wp\/v2\/pages"}],"about":[{"href":"https:\/\/www.nordentoft-eq.com\/da\/wp-json\/wp\/v2\/types\/page"}],"author":[{"embeddable":true,"href":"https:\/\/www.nordentoft-eq.com\/da\/wp-json\/wp\/v2\/users\/4"}],"replies":[{"embeddable":true,"href":"https:\/\/www.nordentoft-eq.com\/da\/wp-json\/wp\/v2\/comments?post=3235"}],"version-history":[{"count":6,"href":"https:\/\/www.nordentoft-eq.com\/da\/wp-json\/wp\/v2\/pages\/3235\/revisions"}],"predecessor-version":[{"id":3241,"href":"https:\/\/www.nordentoft-eq.com\/da\/wp-json\/wp\/v2\/pages\/3235\/revisions\/3241"}],"wp:attachment":[{"href":"https:\/\/www.nordentoft-eq.com\/da\/wp-json\/wp\/v2\/media?parent=3235"}],"curies":[{"name":"wp","href":"https:\/\/api.w.org\/{rel}","templated":true}]}}